{"id":88,"date":"2025-03-10T14:19:59","date_gmt":"2025-03-10T13:19:59","guid":{"rendered":"https:\/\/impactafaes.faesfarma.com\/inicio\/?page_id=88"},"modified":"2025-07-03T08:54:17","modified_gmt":"2025-07-03T06:54:17","slug":"politica-de-cookies","status":"publish","type":"page","link":"https:\/\/impactafaes.faesfarma.com\/inicio\/politica-de-cookies\/","title":{"rendered":"Pol\u00edtica de cookies"},"content":{"rendered":"\n<div style=\"height:100px\" aria-hidden=\"true\" class=\"wp-block-spacer\"><\/div>\n\n\n\n<div class=\"wp-block-columns is-layout-flex wp-container-core-columns-is-layout-1 wp-block-columns-is-layout-flex\">\n<div class=\"wp-block-column is-layout-flow wp-block-column-is-layout-flow\"><\/div>\n\n\n\n<div class=\"wp-block-column is-layout-flow wp-block-column-is-layout-flow\">\n<p><em>Esta Pol\u00edtica de cookies fue actualizada por \u00faltima vez el 10 de marzo de 2025 y se aplica a los ciudadanos y residentes legales permanentes del Espacio Econ\u00f3mico Europeo y Suiza.<\/em><\/p>\n\n\n\n<h2 class=\"wp-block-heading\">1. Introducci\u00f3n<\/h2>\n\n\n\n<p>Nuestra web,&nbsp;<a href=\"https:\/\/impactafaes.faesfarma.com\/inicio\">https:\/\/impactafaes.faesfarma.com\/inicio<\/a>&nbsp;(en adelante: \u00abla web\u00bb) usa cookies y otras tecnolog\u00edas relacionadas (para mayor comodidad, todas las tecnolog\u00edas se denominar\u00e1n como \u00abcookies\u00bb). Las cookies tambi\u00e9n pueden ser colocadas por terceros que hemos contratado. En el siguiente documento le informamos sobre el uso de cookies en nuestra web.<\/p>\n\n\n\n<h2 class=\"wp-block-heading\">2. \u00bfQu\u00e9 son las cookies?<\/h2>\n\n\n\n<p>Una cookie es un peque\u00f1o archivo que se env\u00eda junto con las p\u00e1ginas de esta web y que su navegador almacena en el disco duro de su ordenador u otro dispositivo. La informaci\u00f3n almacenada puede ser devuelta a nuestros servidores o a los servidores de terceros apropiados durante una visita posterior.<\/p>\n\n\n\n<h2 class=\"wp-block-heading\">3. \u00bfQu\u00e9 son los scripts?<\/h2>\n\n\n\n<p>Un script es un fragmento de c\u00f3digo de programa que se utiliza para hacer que nuestra web funcione correctamente y de forma interactiva. Este c\u00f3digo se ejecuta en nuestro servidor o en su dispositivo.<\/p>\n\n\n\n<h2 class=\"wp-block-heading\">4. Cookies<\/h2>\n\n\n\n<h3 class=\"wp-block-heading\">4.1 Cookies t\u00e9cnicas o funcionales<\/h3>\n\n\n\n<p>Algunas cookies aseguran que ciertas partes de la web funcionen correctamente y que sus preferencias de usuario sigan siendo reconocidas. Al colocar cookies funcionales, le facilitamos la visita a nuestra web. De esta manera, usted no necesita introducir repetidamente la misma informaci\u00f3n cuando visita nuestra web y, por ejemplo, los art\u00edculos permanecen en su cesta de la compra hasta que usted haya pagado. Podemos colocar estas cookies sin su consentimiento.<\/p>\n\n\n\n<h3 class=\"wp-block-heading\">4.2 Cookies de estad\u00edsticas<\/h3>\n\n\n\n<p>Utilizamos cookies estad\u00edsticas para optimizar la experiencia de la web para nuestros usuarios. Con estas cookies estad\u00edsticas obtenemos informaci\u00f3n sobre el uso de nuestra web.&nbsp;Le pedimos su permiso para colocar cookies estad\u00edsticas.<\/p>\n\n\n\n<h3 class=\"wp-block-heading\">4.3 Cookies publicitarias<\/h3>\n\n\n\n<p>En este sitio web utilizamos cookies publicitarias que nos permiten obtener informaci\u00f3n sobre los resultados de las campa\u00f1as. Esto ocurre en base a un perfil que creamos en funci\u00f3n de su comportamiento en https:\/\/profesionalessalud.faesfarma.com. Con estas cookies usted, como visitante del sitio web, est\u00e1 vinculado a una ID \u00fanica, pero estas cookies no perfilan su comportamiento e intereses para ofrecerle anuncios personalizados.<\/p>\n\n\n\n<h2 class=\"wp-block-heading\">5. Cookies usadas<\/h2>\n\n\n\n<details class=\"wp-block-details is-layout-flow wp-block-details-is-layout-flow\"><summary>Funcionales <br><\/summary>\n<figure class=\"wp-block-table\"><table class=\"has-fixed-layout\"><tbody><tr><td>Nombre<\/td><td>Caducidad<\/td><td>Funci\u00f3n<\/td><\/tr><tr><td>PHPSESSID<\/td><td>Sesi\u00f3n<\/td><td>Cookie generada por aplicaciones basadas en lenguaje PHP. Se trata de un identificador de prop\u00f3sito general utilizado para mantener las variables de sesi\u00f3n del usuario. Normalmente es un n\u00famero generado aleatoriamente, la forma en que se utiliza es espec\u00edfica del sitio, pero sirve para mantener el estado de sesi\u00f3n de un usuario entre p\u00e1ginas.<\/td><\/tr><tr><td>wpEmojiSettingsSupports<\/td><td>sesi\u00f3n<\/td><td>WordPress establece esta cookie cuando un usuario interact\u00faa con emojis en un sitio de WordPress. Ayuda a determinar si el navegador del usuario puede mostrar emojis correctamente.<\/td><\/tr><tr><td>cookieyes-consent<\/td><td>1 a\u00f1o<\/td><td>CookieYes establece esta cookie para recordar las preferencias de consentimiento de los usuarios, de modo que sus preferencias se respeten en visitas posteriores a este sitio. No recopila ni almacena ninguna informaci\u00f3n personal sobre los visitantes del sitio.<\/td><\/tr><\/tbody><\/table><\/figure>\n\n\n\n<p><\/p>\n\n\n\n<p><\/p>\n<\/details>\n\n\n\n<details class=\"wp-block-details is-layout-flow wp-block-details-is-layout-flow\"><summary>Anal\u00edticas<\/summary>\n<figure class=\"wp-block-table\"><table class=\"has-fixed-layout\"><tbody><tr><td>Nombre<\/td><td>Caducidad<\/td><td>Funci\u00f3n<\/td><\/tr><tr><td>_ga*<br><br><br><br><br><br><br><\/td><td>2 a\u00f1os<\/td><td>Contar y rastrear las p\u00e1ginas viContar y rastrear las p\u00e1ginas vistas<\/td><\/tr><tr><td>_gid<\/td><td>1 d\u00eda<\/td><td>Contar y rastrear las p\u00e1ginas<br><\/td><\/tr><tr><td>_ga_*<\/td><td>1 a\u00f1o<\/td><td> Contar y rastrear las p\u00e1ginas vistas<\/td><\/tr><\/tbody><\/table><\/figure>\n\n\n\n<p><\/p>\n<\/details>\n\n\n\n<h2 class=\"wp-block-heading\">6. Consentimiento<\/h2>\n\n\n\n<p>Cuando visite nuestra web por primera vez, le mostraremos una ventana emergente con una explicaci\u00f3n sobre las cookies. En cuanto haga clic en \u00abGuardar preferencias\u00bb, estar\u00e1 dando su consentimiento para que utilicemos las categor\u00edas de cookies y plugins que haya seleccionado en la ventana emergente, tal y como se describe en esta Pol\u00edtica de cookies. Puede desactivar el uso de cookies a trav\u00e9s de su navegador, pero tenga en cuenta que nuestra web podr\u00eda dejar de funcionar correctamente.<\/p>\n\n\n\n<h3 class=\"wp-block-heading\">6.1 Administre sus ajustes de consentimiento<\/h3>\n\n\n\n<p>Ha cargado la Pol\u00edtica de cookies sin soporte de javascript.&nbsp;En AMP, puedes utilizar el bot\u00f3n de gestionar el consentimiento en la parte inferior de la p\u00e1gina.<\/p>\n\n\n\n<h2 class=\"wp-block-heading\">7. Activaci\u00f3n\/desactivaci\u00f3n y eliminaci\u00f3n de cookies<\/h2>\n\n\n\n<p>Puede utilizar su navegador de internet para eliminar las cookies autom\u00e1tica o manualmente. Tambi\u00e9n puede especificar que no se coloquen determinadas cookies. Otra opci\u00f3n es cambiar los ajustes de su navegador de internet para que reciba un mensaje cada vez que se coloque una cookie. Para m\u00e1s informaci\u00f3n sobre estas opciones, consulte las instrucciones de la secci\u00f3n de ayuda de su navegador.<\/p>\n\n\n\n<p>Ten en cuenta que nuestro sitio web puede no funcionar correctamente si se deshabilitan todas las cookies. Si decides eliminar las cookies de tu navegador, se volver\u00e1n a colocar despu\u00e9s de que des tu consentimiento la pr\u00f3xima vez que visites nuestro sitio web.<\/p>\n\n\n\n<h2 class=\"wp-block-heading\">8. Sus derechos con respecto a los datos personales<\/h2>\n\n\n\n<p>Usted tiene los siguientes derechos con respecto a sus datos personales:<\/p>\n\n\n\n<ul class=\"wp-block-list\">\n<li>Usted tiene derecho a saber por qu\u00e9 se necesitan sus datos personales, qu\u00e9 pasar\u00e1 con ellos y durante cu\u00e1nto tiempo se conservar\u00e1n.<\/li>\n\n\n\n<li>Derecho de acceso: Tiene derecho a acceder a los datos personales que conocemos sobre usted.<\/li>\n\n\n\n<li>Derecho de rectificaci\u00f3n: tiene derecho a completar, rectificar, borrar o bloquear sus datos personales cuando lo desee.<\/li>\n\n\n\n<li>Si usted nos da su consentimiento para procesar sus datos, tiene derecho a revocar dicho consentimiento y a que se eliminen sus datos personales.<\/li>\n\n\n\n<li>Derecho de cesi\u00f3n de sus datos: tiene derecho a solicitar todos sus datos personales al responsable y a transferirlos \u00edntegramente a otro responsable del tratamiento de datos.<\/li>\n\n\n\n<li>Derecho de oposici\u00f3n: usted puede oponerse al tratamiento de sus datos. Nosotros cumplimos con esto, a menos que existan motivos justificados para el tratamiento.<\/li>\n<\/ul>\n\n\n\n<p>Para ejercer estos derechos, por favor, p\u00f3ngase en contacto con nosotros. Por favor refi\u00e9rase a los detalles de contacto en la parte inferior de esta Pol\u00edtica de dookies. Si tiene alguna queja sobre c\u00f3mo manejamos sus datos, nos gustar\u00eda que nos lo indicara, no obstante, tambi\u00e9n tiene derecho a presentar una reclamaci\u00f3n a la autoridad supervisora (la Autoridad de protecci\u00f3n de datos).<\/p>\n\n\n\n<h2 class=\"wp-block-heading\">9. Datos de contacto<\/h2>\n\n\n\n<p>Para preguntas y\/o comentarios sobre nuestra Pol\u00edtica de cookies y esta declaraci\u00f3n, p\u00f3ngase en contacto con nosotros utilizando los siguientes datos de contacto:<\/p>\n\n\n\n<p>Para preguntas y\/o comentarios sobre nuestra Pol\u00edtica de Cookies y esta declaraci\u00f3n, p\u00f3ngase en contacto con nosotros utilizando los siguientes datos de contacto.<\/p>\n\n\n\n<p>Faes Farma S.A.<br>Avda. Autonomia 10, 48940 Leioa Bizkaia<\/p>\n\n\n\n<p>Web: <a href=\"https:\/\/impactafaes.faesfarma.com\/\">https:\/\/impactafaes.faesfarma.com\/<\/a><br>Email: rgpd@faesfarma.com<br>Tel\u00e9fono: 900 460 153<\/p>\n\n\n\n<h2 class=\"wp-block-heading\">11. Configuraci\u00f3n de cookies<\/h2>\n\n\n\n<p>Puedes permitir, bloquear, eliminar o activar tus preferencias en las cookies instaladas en tu equipo mediante la configuraci\u00f3n de las opciones del navegador que utilices. A continuaci\u00f3n te ofrecemos los enlaces para los principales navegadores:<\/p>\n\n\n\n<ul class=\"wp-block-list\">\n<li><strong>Google Chrome<\/strong>&nbsp;<a href=\"https:\/\/support.google.com\/chrome\/answer\/95647?hl=es\" target=\"_blank\" rel=\"noreferrer noopener\">https:\/\/support.google.com\/chrome\/answer\/95647?hl=es<\/a><\/li>\n\n\n\n<li><strong>Mozilla Firefox<\/strong>&nbsp;<a href=\"https:\/\/support.mozilla.org\/es\/kb\/cookies-informacion-que-los-sitios-web-guardan-en-?redirectlocale=en-US&amp;redirectslug=Cookies\" target=\"_blank\" rel=\"noreferrer noopener\">https:\/\/support.mozilla.org\/es\/kb\/cookies-informacion-que-los-sitios-web-guardan-en-?redirectlocale=en-US&amp;redirectslug=Cookies<\/a><\/li>\n\n\n\n<li><strong>Internet Explorer<\/strong>&nbsp;<a href=\"https:\/\/support.microsoft.com\/kb\/196955\/es\" target=\"_blank\" rel=\"noreferrer noopener\">https:\/\/support.microsoft.com\/kb\/196955\/es<\/a><\/li>\n\n\n\n<li><strong>Safari<\/strong>&nbsp;<a href=\"https:\/\/www.apple.com\/es\/privacy\/use-of-cookies\/\" target=\"_blank\" rel=\"noreferrer noopener\">https:\/\/www.apple.com\/es\/privacy\/use-of-cookies\/<\/a><\/li>\n\n\n\n<li><strong>Safari para IOS (iPhone, Pad)&nbsp;<\/strong><a href=\"http:\/\/support.apple.com\/kb\/HT1677?viewlocale=es_ES&amp;locale=es_ES\" target=\"_blank\" rel=\"noreferrer noopener\">http:\/\/support.apple.com\/kb\/HT1677?viewlocale=es_ES&amp;locale=es_ES<\/a><\/li>\n\n\n\n<li><strong>Opera<\/strong>&nbsp;<a href=\"http:\/\/help.opera.com\/Windows\/11.50\/es-ES\/cookies.html\" target=\"_blank\" rel=\"noreferrer noopener\">http:\/\/help.opera.com\/Windows\/11.50\/es-ES\/cookies.html<\/a><\/li>\n\n\n\n<li><strong>Windows Phone&nbsp;<\/strong><a href=\"http:\/\/www.windowsphone.com\/es-ES\/how-to\/wp8\/web\/change-privacy-and-other-browser-settings\" target=\"_blank\" rel=\"noreferrer noopener\">http:\/\/www.windowsphone.com\/es-ES\/how-to\/wp8\/web\/change-privacy-and-other-browser-settings<\/a><\/li>\n\n\n\n<li><strong>Blackberry<\/strong>&nbsp;<a href=\"http:\/\/docs.blackberry.com\/en\/smartphone_users\/deliverables\/18578\/Turn_off_cookies_in_the_browser_60_1072866_11.jsp\" target=\"_blank\" rel=\"noreferrer noopener\">http:\/\/docs.blackberry.com\/en\/smartphone_users\/deliverables\/18578\/Turn_off_cookies_in_the_browser_60_1072866_11.jsp<\/a><\/li>\n<\/ul>\n\n\n\n<h2 class=\"wp-block-heading\">12. Rechazo de cookies<\/h2>\n\n\n\n<p>El Usuario puede revocar su consentimiento para el uso de cookies en su navegador a trav\u00e9s de las indicaciones anteriores o a trav\u00e9s de la instalaci\u00f3n de un sistema de rechazo, (\u201copt-out\u201d) en su navegador web. Algunos terceros facilitan este rechazo como, por ejemplo, Google Analytics:&nbsp;<a href=\"https:\/\/tools.google.com\/dlpage\/gaoptout?hl=None\" target=\"_blank\" rel=\"noreferrer noopener\">https:\/\/tools.google.com\/dlpage\/gaoptout?hl=None<\/a><\/p>\n\n\n\n<h2 class=\"wp-block-heading\">13. Aceptaci\u00f3n de cookies<\/h2>\n\n\n\n<p>Al acceder a este sitio web por primera vez, ver\u00e1s una ventana donde se te informa de la utilizaci\u00f3n de las cookies y donde puedes consultar esta&nbsp;<strong>\u201cPol\u00edtica de cookies\u201d<\/strong>. Si quieres, puedes cambiar la configuraci\u00f3n de cookies en cualquier momento desde tu navegador o accediendo al panel de cookies de nuestra web a trav\u00e9s de&nbsp;<a href=\"https:\/\/profesionalessalud.faesfarma.com\/#gdpr_cookie_modal\" target=\"_blank\" rel=\"noreferrer noopener\">este enlace<\/a>. Te informamos que en el caso de bloquear o no aceptar la instalaci\u00f3n de cookies, es posible que ciertos servicios no est\u00e9n disponibles. Adem\u00e1s del uso de cookies propias de&nbsp;<strong>Profesionales de la Salud<\/strong>, permitimos a terceros establecer cookies y acceder a ellas en tu ordenador. El consentimiento del uso de las cookies de estas empresas est\u00e1 ligado a la navegaci\u00f3n por este sitio.&nbsp;<strong>Profesionales de la Salud<\/strong>&nbsp;te agradece que consientas la aceptaci\u00f3n de cookies, ya que esto nos ayuda a obtener datos m\u00e1s precisos de tu navegaci\u00f3n que nos permiten mejorar el contenido y el dise\u00f1o de nuestra web para adaptarla a tus preferencias.<\/p>\n\n\n\n<h2 class=\"wp-block-heading\">14. Actualizaciones y cambios en la Pol\u00edtica de Cookies<\/h2>\n\n\n\n<p><strong>Impacta Faes Farma<\/strong> puede modificar esta Pol\u00edtica de Cookies en funci\u00f3n de nuevas exigencias legislativas, reglamentarias, o con la finalidad de adaptar dicha pol\u00edtica a las instrucciones dictadas por la&nbsp;<strong>Agencia Espa\u00f1ola de Protecci\u00f3n de Datos<\/strong>. Cuando se produzcan cambios significativos en esta Pol\u00edtica de Cookies se comunicar\u00e1 al usuario (bien mediante un aviso informativo en la p\u00e1gina web del editor bien a trav\u00e9s de correo electr\u00f3nico para los usuarios registrados). Si desea m\u00e1s informaci\u00f3n sobre qu\u00e9 uso hacemos de las Cookies, puede enviarnos un e-mail a&nbsp;<a href=\"mailto:webmaster@faesfarma.com?subject=Pol%C3%ADtica%20de%20cookies\">webmaster@faesfarma.com<\/a><\/p>\n<\/div>\n\n\n\n<div class=\"wp-block-column is-layout-flow wp-block-column-is-layout-flow\"><\/div>\n<\/div>\n\n\n\n<p><\/p>\n","protected":false},"excerpt":{"rendered":"<p>Esta Pol\u00edtica de cookies fue actualizada por \u00faltima vez el 10 de marzo de 2025 y se aplica a los ciudadanos y residentes legales permanentes del Espacio Econ\u00f3mico Europeo y Suiza. 1. Introducci\u00f3n Nuestra web,&nbsp;https:\/\/impactafaes.faesfarma.com\/inicio&nbsp;(en adelante: \u00abla web\u00bb) usa cookies y otras tecnolog\u00edas relacionadas (para mayor comodidad, todas las tecnolog\u00edas se denominar\u00e1n como \u00abcookies\u00bb). Las [&hellip;]<\/p>\n","protected":false},"author":1,"featured_media":0,"parent":0,"menu_order":0,"comment_status":"closed","ping_status":"closed","template":"","meta":{"footnotes":""},"class_list":["post-88","page","type-page","status-publish","hentry"],"acf":[],"_links":{"self":[{"href":"https:\/\/impactafaes.faesfarma.com\/inicio\/wp-json\/wp\/v2\/pages\/88","targetHints":{"allow":["GET"]}}],"collection":[{"href":"https:\/\/impactafaes.faesfarma.com\/inicio\/wp-json\/wp\/v2\/pages"}],"about":[{"href":"https:\/\/impactafaes.faesfarma.com\/inicio\/wp-json\/wp\/v2\/types\/page"}],"author":[{"embeddable":true,"href":"https:\/\/impactafaes.faesfarma.com\/inicio\/wp-json\/wp\/v2\/users\/1"}],"replies":[{"embeddable":true,"href":"https:\/\/impactafaes.faesfarma.com\/inicio\/wp-json\/wp\/v2\/comments?post=88"}],"version-history":[{"count":11,"href":"https:\/\/impactafaes.faesfarma.com\/inicio\/wp-json\/wp\/v2\/pages\/88\/revisions"}],"predecessor-version":[{"id":100,"href":"https:\/\/impactafaes.faesfarma.com\/inicio\/wp-json\/wp\/v2\/pages\/88\/revisions\/100"}],"wp:attachment":[{"href":"https:\/\/impactafaes.faesfarma.com\/inicio\/wp-json\/wp\/v2\/media?parent=88"}],"curies":[{"name":"wp","href":"https:\/\/api.w.org\/{rel}","templated":true}]}}